{"id":292,"date":"2016-01-17T12:34:16","date_gmt":"2016-01-17T12:34:16","guid":{"rendered":"http:\/\/spirit-in-balance.de\/Blog\/?page_id=292"},"modified":"2020-01-12T00:02:47","modified_gmt":"2020-01-11T23:02:47","slug":"coaching-mehr","status":"publish","type":"page","link":"https:\/\/spirit-in-balance.de\/Blog\/?page_id=292","title":{"rendered":"Coaching &#038; Energiearbeit"},"content":{"rendered":"<h2 style=\"text-align: center;\">Gl\u00fccklich SEIN&#8230;..Leben im Gleichgewicht<\/h2>\n<p>&nbsp;<\/p>\n<p><a href=\"http:\/\/spirit-in-balance.de\/Blog\/wp-content\/uploads\/2016\/01\/lifehappy-internetseite.jpg\"><img decoding=\"async\" loading=\"lazy\" class=\"size-medium wp-image-472 aligncenter\" src=\"http:\/\/spirit-in-balance.de\/Blog\/wp-content\/uploads\/2016\/01\/lifehappy-internetseite-300x200.jpg\" alt=\"lifehappy-internetseite\" width=\"300\" height=\"200\" srcset=\"https:\/\/spirit-in-balance.de\/Blog\/wp-content\/uploads\/2016\/01\/lifehappy-internetseite-300x200.jpg 300w, https:\/\/spirit-in-balance.de\/Blog\/wp-content\/uploads\/2016\/01\/lifehappy-internetseite.jpg 709w\" sizes=\"(max-width: 300px) 100vw, 300px\" \/><\/a><\/p>\n<p>&nbsp;<\/p>\n<p>In diesem Bereich findest du in Zukunft unsere Angebote, die dir in deinem pers\u00f6nlichen Wachstum und der Erreichung deiner pers\u00f6nlichen Ziele und W\u00fcnsche weiterhelfen k\u00f6nnen, sowie Angebote, die deine Selbstheilungskr\u00e4fte aktivieren, Stress reduzieren, deine Energie erh\u00f6hen und dich wieder in deine innere Mitte f\u00fchren.<\/p>\n<p>Ausf\u00fchrliche Informationen findest du auf den Unterseiten dieser Rubrik! (noch in Arbeit!!)<\/p>\n","protected":false},"excerpt":{"rendered":"<p>Gl\u00fccklich SEIN&#8230;..Leben im Gleichgewicht &nbsp; &nbsp; In diesem Bereich findest du in Zukunft unsere Angebote, die dir in deinem pers\u00f6nlichen Wachstum und der Erreichung deiner pers\u00f6nlichen Ziele und W\u00fcnsche weiterhelfen k\u00f6nnen, sowie Angebote, die deine Selbstheilungskr\u00e4fte aktivieren, Stress reduzieren, deine Energie erh\u00f6hen und dich wieder in deine innere Mitte f\u00fchren. Ausf\u00fchrliche Informationen findest du auf [&hellip;]<\/p>\n","protected":false},"author":1,"featured_media":0,"parent":0,"menu_order":0,"comment_status":"closed","ping_status":"closed","template":"","meta":{"ngg_post_thumbnail":0,"_links_to":"","_links_to_target":""},"_links":{"self":[{"href":"https:\/\/spirit-in-balance.de\/Blog\/index.php?rest_route=\/wp\/v2\/pages\/292"}],"collection":[{"href":"https:\/\/spirit-in-balance.de\/Blog\/index.php?rest_route=\/wp\/v2\/pages"}],"about":[{"href":"https:\/\/spirit-in-balance.de\/Blog\/index.php?rest_route=\/wp\/v2\/types\/page"}],"author":[{"embeddable":true,"href":"https:\/\/spirit-in-balance.de\/Blog\/index.php?rest_route=\/wp\/v2\/users\/1"}],"replies":[{"embeddable":true,"href":"https:\/\/spirit-in-balance.de\/Blog\/index.php?rest_route=%2Fwp%2Fv2%2Fcomments&post=292"}],"version-history":[{"count":4,"href":"https:\/\/spirit-in-balance.de\/Blog\/index.php?rest_route=\/wp\/v2\/pages\/292\/revisions"}],"predecessor-version":[{"id":826,"href":"https:\/\/spirit-in-balance.de\/Blog\/index.php?rest_route=\/wp\/v2\/pages\/292\/revisions\/826"}],"wp:attachment":[{"href":"https:\/\/spirit-in-balance.de\/Blog\/index.php?rest_route=%2Fwp%2Fv2%2Fmedia&parent=292"}],"curies":[{"name":"wp","href":"https:\/\/api.w.org\/{rel}","templated":true}]}}