{"id":307,"date":"2016-01-17T12:50:30","date_gmt":"2016-01-17T12:50:30","guid":{"rendered":"http:\/\/spirit-in-balance.de\/Blog\/?page_id=307"},"modified":"2018-12-09T20:31:10","modified_gmt":"2018-12-09T19:31:10","slug":"workshops-seminare","status":"publish","type":"page","link":"https:\/\/spirit-in-balance.de\/Blog\/?page_id=307","title":{"rendered":"Veranstaltungen, Vortr\u00e4ge &#038; Seminare"},"content":{"rendered":"<p><a href=\"https:\/\/spirit-in-balance.de\/Blog\/wp-content\/uploads\/2016\/01\/candle-3837577_1280.jpg\"><img decoding=\"async\" loading=\"lazy\" class=\" wp-image-743 aligncenter\" src=\"https:\/\/spirit-in-balance.de\/Blog\/wp-content\/uploads\/2016\/01\/candle-3837577_1280-300x199.jpg\" alt=\"\" width=\"246\" height=\"163\" srcset=\"https:\/\/spirit-in-balance.de\/Blog\/wp-content\/uploads\/2016\/01\/candle-3837577_1280-300x199.jpg 300w, https:\/\/spirit-in-balance.de\/Blog\/wp-content\/uploads\/2016\/01\/candle-3837577_1280-768x511.jpg 768w, https:\/\/spirit-in-balance.de\/Blog\/wp-content\/uploads\/2016\/01\/candle-3837577_1280-1024x681.jpg 1024w, https:\/\/spirit-in-balance.de\/Blog\/wp-content\/uploads\/2016\/01\/candle-3837577_1280.jpg 1280w\" sizes=\"(max-width: 246px) 100vw, 246px\" \/><\/a><\/p>\n<h3 class=\"_5gmx\" style=\"text-align: center;\" data-testid=\"event-permalink-event-name\">Das Jahr bewusst und besinnlich ausklingen lassen&#8230;Dazu lade ich dich ein beim Meditationsabend<br \/>\n&#8222;Kraftvoll in das neue Jahr&#8220;<br \/>\nam 15.12.2018 19 &#8211; 21 Uhr<\/h3>\n<p>R\u00fcckschau halten, Altes loslassen und das Neue mit Freude begr\u00fc\u00dfen; An diesem Abend wollen wir das Jahr 2018 mit Dankbarkeit und Frieden liebevoll verabschieden und positive Energien f\u00fcr einen kraftvollen und motivierten Start in das neue Jahr 2019 mit Meditation und kleinen Ritualen aktivieren.<\/p>\n<p>Unkostenbeitrag: 10 Euro<\/p>\n<p>Voranmeldung erbeten, da nur begrenzte Pl\u00e4tze! Kontaktm\u00f6glichkeiten findest du im Impressum oder \u00fcber das Kontaktformular!<\/p>\n<hr \/>\n<h2 class=\"_5gmx\" style=\"text-align: center;\" data-testid=\"event-permalink-event-name\">Weihnachtsfeier am 22.12.2018<br \/>\nim CreativHaus Steinheim<br \/>\n<a href=\"https:\/\/spirit-in-balance.de\/Blog\/wp-content\/uploads\/2016\/01\/fire.jpg\"><br \/>\n<img decoding=\"async\" loading=\"lazy\" class=\"alignnone size-medium wp-image-745\" src=\"https:\/\/spirit-in-balance.de\/Blog\/wp-content\/uploads\/2016\/01\/fire-300x251.jpg\" alt=\"\" width=\"300\" height=\"251\" srcset=\"https:\/\/spirit-in-balance.de\/Blog\/wp-content\/uploads\/2016\/01\/fire-300x251.jpg 300w, https:\/\/spirit-in-balance.de\/Blog\/wp-content\/uploads\/2016\/01\/fire-768x643.jpg 768w, https:\/\/spirit-in-balance.de\/Blog\/wp-content\/uploads\/2016\/01\/fire.jpg 945w\" sizes=\"(max-width: 300px) 100vw, 300px\" \/><\/a><\/h2>\n<p>An diesem Tag laden wir euch ein zum gem\u00fctlichen Beisammensein und weihnachtlichen Einstimmen in wundersch\u00f6nem Ambiente: Ab 14h backen wir gemeinsam Pl\u00e4tzchen und andere (teils vegane) Leckereien zum mitnehmen oder zum Abends ab 18 h gemeinsam vor unserem gro\u00dfen, offenen Kamin naschen &#8211; bei Kerzenlicht,Tee, Punsch oder Gl\u00fchwein, mit gelesenenen Weihnachsgeschichten und Weihnachtsliedern am Klavier.<\/p>\n<p>Wer beim Pl\u00e4tzchenbacken mit dabei sein m\u00f6chte, bitte bis Fr, den 21.12. 2018 Bescheid sagen damit wir ausreichend Zutaten im Hause haben!<\/p>\n<p>Unkostenbeitrag: 12 Euro zzgl. 5 Euro f\u00fcr Zutaten wenn man mit backen m\u00f6chte.<\/p>\n<p>Voranmeldung erbeten, da nur begrenzte Pl\u00e4tze! Kontaktm\u00f6glichkeiten findest du im Impressum oder \u00fcber das Kontaktformular!<\/p>\n<hr \/>\n","protected":false},"excerpt":{"rendered":"<p>Das Jahr bewusst und besinnlich ausklingen lassen&#8230;Dazu lade ich dich ein beim Meditationsabend &#8222;Kraftvoll in das neue Jahr&#8220; am 15.12.2018 19 &#8211; 21 Uhr R\u00fcckschau halten, Altes loslassen und das Neue mit Freude begr\u00fc\u00dfen; An diesem Abend wollen wir das Jahr 2018 mit Dankbarkeit und Frieden liebevoll verabschieden und positive Energien f\u00fcr einen kraftvollen und [&hellip;]<\/p>\n","protected":false},"author":1,"featured_media":0,"parent":0,"menu_order":0,"comment_status":"closed","ping_status":"closed","template":"","meta":{"ngg_post_thumbnail":0,"_links_to":"","_links_to_target":""},"_links":{"self":[{"href":"https:\/\/spirit-in-balance.de\/Blog\/index.php?rest_route=\/wp\/v2\/pages\/307"}],"collection":[{"href":"https:\/\/spirit-in-balance.de\/Blog\/index.php?rest_route=\/wp\/v2\/pages"}],"about":[{"href":"https:\/\/spirit-in-balance.de\/Blog\/index.php?rest_route=\/wp\/v2\/types\/page"}],"author":[{"embeddable":true,"href":"https:\/\/spirit-in-balance.de\/Blog\/index.php?rest_route=\/wp\/v2\/users\/1"}],"replies":[{"embeddable":true,"href":"https:\/\/spirit-in-balance.de\/Blog\/index.php?rest_route=%2Fwp%2Fv2%2Fcomments&post=307"}],"version-history":[{"count":39,"href":"https:\/\/spirit-in-balance.de\/Blog\/index.php?rest_route=\/wp\/v2\/pages\/307\/revisions"}],"predecessor-version":[{"id":770,"href":"https:\/\/spirit-in-balance.de\/Blog\/index.php?rest_route=\/wp\/v2\/pages\/307\/revisions\/770"}],"wp:attachment":[{"href":"https:\/\/spirit-in-balance.de\/Blog\/index.php?rest_route=%2Fwp%2Fv2%2Fmedia&parent=307"}],"curies":[{"name":"wp","href":"https:\/\/api.w.org\/{rel}","templated":true}]}}