{"id":313,"date":"2016-01-17T13:24:16","date_gmt":"2016-01-17T13:24:16","guid":{"rendered":"http:\/\/spirit-in-balance.de\/Blog\/?page_id=313"},"modified":"2023-11-09T01:39:01","modified_gmt":"2023-11-09T00:39:01","slug":"affiliate","status":"publish","type":"page","link":"https:\/\/spirit-in-balance.de\/Blog\/?page_id=313","title":{"rendered":"Partner und was es sonst noch so bei mir gibt &#8230;"},"content":{"rendered":"\n<p>Die Coronazeit war f\u00fcr meine Praxis eine sehr harte Bestandsprobe. Lange T\u00e4tigkeitsverbote und Lockdowns waren sehr herausfordernd, die Frage, ob ich die Praxis in Zukunft weiter f\u00fchren kann und will oder ob sie diese Zeit &#8222;\u00fcberlebt&#8220; standen oft im Raum, trotz Coronahilfen. <\/p>\n\n\n\n<p>Die Idee, nach &#8222;zweiten Standbeinen&#8220; war da nicht weit weg. Und dabei hat sich etwas wirklich tolles entwickelt, wobei mir meine Ausbildungen als Fotografin und IT Technikerin und auch meine Erfahrungen als Musikerin sehr zugute kommen.<\/p>\n\n\n\n<p>Seit Fr\u00fchjahr 2022 biete ich mit MoondanceDesign professionelles Fotodesign, Bildbearbeitung und professionelle Filmerstellung und Filmcutting, aber auch tontechnische Arbeiten im Musik- und Sprachbereich an. Au\u00dfergew\u00f6hnliche Familien-, Portrait-, aber auch Firmen- und Social Media Fotoshootings? Dein ganz besonderes, pers\u00f6nliches Projekt als Filmdoku? Voll mein Ding! Professioneller, aber auch individueller Filmschnitt f\u00fcr Privat, Firma oder Social Media? Kein Problem! Du brauchst als Musiker erste gute Aufnahmen von dir bzw. deiner Band oder ben\u00f6tigst Sprachaufnahmen f\u00fcr dein Buchprojekt? Gerne doch! Was in diesen Bereichen dein Anliegen ist \u2013 sprich mich einfach an! (Webseite geht demn\u00e4chst an den Start!)<\/p>\n\n\n\n<div class=\"is-layout-flex wp-container-3 wp-block-columns\">\n<div class=\"is-layout-flow wp-block-column is-vertically-aligned-center\" style=\"flex-basis:33.33%\"><div class=\"wp-block-image\">\n<figure class=\"aligncenter size-large is-resized\"><a href=\"https:\/\/havelmond.film\"><img decoding=\"async\" loading=\"lazy\" src=\"https:\/\/spirit-in-balance.de\/Blog\/wp-content\/uploads\/2023\/11\/Logo-811x1024.png\" alt=\"\" class=\"wp-image-1039\" width=\"123\" height=\"155\" srcset=\"https:\/\/spirit-in-balance.de\/Blog\/wp-content\/uploads\/2023\/11\/Logo-811x1024.png 811w, https:\/\/spirit-in-balance.de\/Blog\/wp-content\/uploads\/2023\/11\/Logo-238x300.png 238w, https:\/\/spirit-in-balance.de\/Blog\/wp-content\/uploads\/2023\/11\/Logo-768x970.png 768w, https:\/\/spirit-in-balance.de\/Blog\/wp-content\/uploads\/2023\/11\/Logo-1216x1536.png 1216w, https:\/\/spirit-in-balance.de\/Blog\/wp-content\/uploads\/2023\/11\/Logo-1622x2048.png 1622w, https:\/\/spirit-in-balance.de\/Blog\/wp-content\/uploads\/2023\/11\/Logo.png 2000w\" sizes=\"(max-width: 123px) 100vw, 123px\" \/><\/a><\/figure><\/div><\/div>\n\n\n\n<div class=\"is-layout-flow wp-block-column is-vertically-aligned-center\" style=\"flex-basis:66.66%\">\n<p>F\u00fcr besonders anspruchvolle und hochprofessionelle Projekte im Bereich Film und Grafik Design kann ich zudem auf die Zusammenarbeit mit havelmond.film zur\u00fcckgreifen \u2013 (Fast) nichts ist unm\u00f6glich.<br><a href=\"https:\/\/havelmond.film\">havelmond.film<\/a><\/p>\n<\/div>\n<\/div>\n\n\n\n<div class=\"is-layout-flex wp-container-6 wp-block-columns are-vertically-aligned-center\">\n<div class=\"is-layout-flow wp-block-column is-vertically-aligned-center\" style=\"flex-basis:33.33%\"><div class=\"wp-block-image\">\n<figure class=\"aligncenter size-large is-resized\"><a href=\"https:\/\/hanaas.de\"><img decoding=\"async\" loading=\"lazy\" src=\"https:\/\/spirit-in-balance.de\/Blog\/wp-content\/uploads\/2023\/11\/Hanaas-1024x1024.png\" alt=\"\" class=\"wp-image-1040\" width=\"136\" height=\"136\" srcset=\"https:\/\/spirit-in-balance.de\/Blog\/wp-content\/uploads\/2023\/11\/Hanaas-1024x1024.png 1024w, https:\/\/spirit-in-balance.de\/Blog\/wp-content\/uploads\/2023\/11\/Hanaas-300x300.png 300w, https:\/\/spirit-in-balance.de\/Blog\/wp-content\/uploads\/2023\/11\/Hanaas-150x150.png 150w, https:\/\/spirit-in-balance.de\/Blog\/wp-content\/uploads\/2023\/11\/Hanaas-768x768.png 768w, https:\/\/spirit-in-balance.de\/Blog\/wp-content\/uploads\/2023\/11\/Hanaas-1536x1536.png 1536w, https:\/\/spirit-in-balance.de\/Blog\/wp-content\/uploads\/2023\/11\/Hanaas-2048x2048.png 2048w\" sizes=\"(max-width: 136px) 100vw, 136px\" \/><\/a><\/figure><\/div><\/div>\n\n\n\n<div class=\"is-layout-flow wp-block-column is-vertically-aligned-center\" style=\"flex-basis:66.66%\">\n<p>Eine besondere Freude ist mir auch das Kulturcaf\u00e9 Hanaa&#8217;s Lounge in Schwalenberg, das ich am Jahresanfang mit meinem Lebensgef\u00e4hrten er\u00f6ffnet habe. Von kleinen, aber feinen Lesungen und musikalischen Darbietungen bis zu einfach nur gem\u00fctlichem Beisammensein in wundersch\u00f6ner und besonderer Atmosph\u00e4re haben wir einiges zu bieten! Im n\u00e4chsten Jahr ist auch noch einmal eine Vergr\u00f6\u00dferung unserer &#8222;B\u00fchne&#8220; in dem benachbarten Kulturdenkmal &#8222;K\u00fcnstlerklause&#8220;, das wir wieder beleben m\u00f6chten, geplant! Wenn du einmal ein besonderes Kulturerlebnis in der wundersch\u00f6nen Denkmal- und Touristikstadt Schwalenberg erleben m\u00f6chtest, schaue doch einfach einmal auf unsere Seite: <\/p>\n\n\n\n<p><a href=\"https:\/\/hanaas.de\">hanaas.de<\/a><\/p>\n<\/div>\n<\/div>\n","protected":false},"excerpt":{"rendered":"<p>Die Coronazeit war f\u00fcr meine Praxis eine sehr harte Bestandsprobe. Lange T\u00e4tigkeitsverbote und Lockdowns waren sehr herausfordernd, die Frage, ob ich die Praxis in Zukunft weiter f\u00fchren kann und will oder ob sie diese Zeit &#8222;\u00fcberlebt&#8220; standen oft im Raum, trotz Coronahilfen. Die Idee, nach &#8222;zweiten Standbeinen&#8220; war da nicht weit weg. Und dabei hat [&hellip;]<\/p>\n","protected":false},"author":1,"featured_media":0,"parent":0,"menu_order":0,"comment_status":"closed","ping_status":"closed","template":"","meta":{"ngg_post_thumbnail":0,"_links_to":"","_links_to_target":""},"_links":{"self":[{"href":"https:\/\/spirit-in-balance.de\/Blog\/index.php?rest_route=\/wp\/v2\/pages\/313"}],"collection":[{"href":"https:\/\/spirit-in-balance.de\/Blog\/index.php?rest_route=\/wp\/v2\/pages"}],"about":[{"href":"https:\/\/spirit-in-balance.de\/Blog\/index.php?rest_route=\/wp\/v2\/types\/page"}],"author":[{"embeddable":true,"href":"https:\/\/spirit-in-balance.de\/Blog\/index.php?rest_route=\/wp\/v2\/users\/1"}],"replies":[{"embeddable":true,"href":"https:\/\/spirit-in-balance.de\/Blog\/index.php?rest_route=%2Fwp%2Fv2%2Fcomments&post=313"}],"version-history":[{"count":16,"href":"https:\/\/spirit-in-balance.de\/Blog\/index.php?rest_route=\/wp\/v2\/pages\/313\/revisions"}],"predecessor-version":[{"id":1053,"href":"https:\/\/spirit-in-balance.de\/Blog\/index.php?rest_route=\/wp\/v2\/pages\/313\/revisions\/1053"}],"wp:attachment":[{"href":"https:\/\/spirit-in-balance.de\/Blog\/index.php?rest_route=%2Fwp%2Fv2%2Fmedia&parent=313"}],"curies":[{"name":"wp","href":"https:\/\/api.w.org\/{rel}","templated":true}]}}