{"id":68,"date":"2015-11-30T17:45:21","date_gmt":"2015-11-30T17:45:21","guid":{"rendered":"http:\/\/spirit-in-balance.de\/Blog\/?page_id=68"},"modified":"2018-09-21T15:10:08","modified_gmt":"2018-09-21T14:10:08","slug":"tantra-lingam","status":"publish","type":"page","link":"https:\/\/spirit-in-balance.de\/Blog\/?page_id=68","title":{"rendered":"Tantra &#8211; Lingam"},"content":{"rendered":"<p><strong>Die TANTRISCHE LINGAM MASSAGE<\/strong><\/p>\n<p>&#8222;Lingam&#8220; ist das indische Sanskrit-Wort f\u00fcr das m\u00e4nnliche Geschlechtsorgan mit allen Teilen, die dazugeh\u00f6ren.<\/p>\n<p>Im Deutschen gibt es leider kein Wort, dass der Verehrung, die in der Tantratradition dem Lingam entgegengebracht wird, entspr\u00e4che &#8211; weder &#8222;Penis&#8220;, &#8222;Pimmel&#8220; oder &#8222;Schwanz&#8220; geben wieder, welch hohe Bedeutung der Lingam f\u00fcr einen Mann haben kann und was f\u00fcr Gef\u00fchlsqualit\u00e4ten mit ihm verbunden sein k\u00f6nnen. Bei uns im Westen ist die Bezeichnung der Geschlechtsorgane meist mit abwertenden Qualit\u00e4ten belegt.<\/p>\n<p>In der Tantra-Sexualit\u00e4t dagegen wird der Lingam als heilig angesehen und respektvoll geehrt und mit Wertsch\u00e4tzung behandelt. Er weckt kreative Energien und schenkt ungeahnte Lust und Wohlbefinden.<\/p>\n<p>Der Orgasmus ist dabei nicht das Ziel der Lingam Massage &#8211; obgleich dieses\u00a0 h\u00e4ufig eine angenehme und willkommende Nebenwirkung sein kann.<\/p>\n<p>Ziel ist es, den Lingam, einschlie\u00dflich der Hoden, des Perineum ( Damm zwischen den Geschlechtsteilen und dem After ) und den &#8222;Punkt der Millionen Goldst\u00fccke&#8220;, der dem weiblichen G-Punkt entspricht und im Bereich der Prostata liegt, zu massieren.<\/p>\n<p>Der Lingam ist der &#8222;Zauberstab&#8220; des Mannes. Mit ihm ist es allerdings so, wie mit einer sch\u00f6nen Bl\u00fcte &#8211; er braucht liebevolle Zuwendung, sonst verk\u00fcmmert er. In unserer Kultur wird der Lingam oft nur als &#8222;Sto\u00df-&#8220; und &#8222;Befriedigungsorgan&#8220; benutzt und nicht geliebt, das Bewu\u00dftsein f\u00fcr den Lingam als &#8222;Liebesorgan&#8220; ging verloren und seine Funktion wird h\u00e4ufig nur noch auf den Orgasmus fixiert.<\/p>\n<p>Dabei ist der Lingam als Spender des Lebens ein Mysterium &#8211; wenn man an jede Lingam &#8211; Massage mit absoluter Unvoreingenommenheit und ohne jede Erwartung herangeht, wird jede Massage zu einer einzigartigen Erfahrung, frei von Bewertung und Vergleichen.<\/p>\n<p>Wir alle sind f\u00fchlende Wesen und m\u00f6chten gl\u00fccklich sein. Wir suchen das Gl\u00fcck und die Quelle des Gl\u00fccks, dass ist es, was uns zutiefst menschlich macht und alle miteinander verbindet. Die Lingam-Massage ist ein Schritt in diese Richtung.<\/p>\n<p>Die Lingam-Massage kann ein wunderbares Element der Tantra-Massage und ihr kr\u00f6nender Abschluss sein.<\/p>\n<p>Ein sch\u00f6nes Ambiente, warme \u00d6le, entspannende Kl\u00e4nge und D\u00fcfte begleiten Dich auf eine einzigartige Reise zu deinem tiefsten Inneren.<\/p>\n<p><strong>Preis: <\/strong>Als Bestandteil der Tantramassage wie unter der Hauptseite &#8222;Tantramassage&#8220; und in der Preisliste angegeben! Die Lingam-Massage kann auf Wunsch auch weggelassen werden. Dies \u00e4ndert nichts am Preis und mindert in keinem Falle den Wert einer Tantramassage, da der Lingam zwar wie alle anderen K\u00f6rperteile mit einbezogen werden kann, dies aber NICHT die Absicht oder das Ziel einer Tantramassage darstellt. Sie ist nicht einzeln buchbar und ausschlie\u00dflich bei der Tao-Massage zubuchbar.<\/p>\n<p><strong>Wichtig:<\/strong> Die Lingam &#8211; Massage ist ein Bestandteil der Tantramassage<strong> im Sinne der Ganzheitlichkeit<\/strong>. Dem Lingam wird dabei ebenso viel Aufmerksamkeit geschenkt, wie allen anderen Teilen des K\u00f6rpers. Sie ist <strong>NICHT<\/strong> &#8211;\u00a0 ebenso wie der Orgasmus &#8211;\u00a0 Ziel und Zweck der Massage oder als abschlie\u00dfende &#8222;Handentspannung&#8220; zu verstehen. Damit es nicht zu Missverst\u00e4ndnissen kommt, informiere dich bitte vorher oder sprich mich an!<\/p>\n<p>&nbsp;<\/p>\n","protected":false},"excerpt":{"rendered":"<p>Die TANTRISCHE LINGAM MASSAGE &#8222;Lingam&#8220; ist das indische Sanskrit-Wort f\u00fcr das m\u00e4nnliche Geschlechtsorgan mit allen Teilen, die dazugeh\u00f6ren. Im Deutschen gibt es leider kein Wort, dass der Verehrung, die in der Tantratradition dem Lingam entgegengebracht wird, entspr\u00e4che &#8211; weder &#8222;Penis&#8220;, &#8222;Pimmel&#8220; oder &#8222;Schwanz&#8220; geben wieder, welch hohe Bedeutung der Lingam f\u00fcr einen Mann haben kann [&hellip;]<\/p>\n","protected":false},"author":1,"featured_media":0,"parent":0,"menu_order":0,"comment_status":"closed","ping_status":"closed","template":"","meta":{"ngg_post_thumbnail":0,"_links_to":"","_links_to_target":""},"_links":{"self":[{"href":"https:\/\/spirit-in-balance.de\/Blog\/index.php?rest_route=\/wp\/v2\/pages\/68"}],"collection":[{"href":"https:\/\/spirit-in-balance.de\/Blog\/index.php?rest_route=\/wp\/v2\/pages"}],"about":[{"href":"https:\/\/spirit-in-balance.de\/Blog\/index.php?rest_route=\/wp\/v2\/types\/page"}],"author":[{"embeddable":true,"href":"https:\/\/spirit-in-balance.de\/Blog\/index.php?rest_route=\/wp\/v2\/users\/1"}],"replies":[{"embeddable":true,"href":"https:\/\/spirit-in-balance.de\/Blog\/index.php?rest_route=%2Fwp%2Fv2%2Fcomments&post=68"}],"version-history":[{"count":7,"href":"https:\/\/spirit-in-balance.de\/Blog\/index.php?rest_route=\/wp\/v2\/pages\/68\/revisions"}],"predecessor-version":[{"id":677,"href":"https:\/\/spirit-in-balance.de\/Blog\/index.php?rest_route=\/wp\/v2\/pages\/68\/revisions\/677"}],"wp:attachment":[{"href":"https:\/\/spirit-in-balance.de\/Blog\/index.php?rest_route=%2Fwp%2Fv2%2Fmedia&parent=68"}],"curies":[{"name":"wp","href":"https:\/\/api.w.org\/{rel}","templated":true}]}}