{"id":81,"date":"2015-11-30T17:48:07","date_gmt":"2015-11-30T17:48:07","guid":{"rendered":"http:\/\/spirit-in-balance.de\/Blog\/?page_id=81"},"modified":"2015-12-03T20:33:20","modified_gmt":"2015-12-03T20:33:20","slug":"taomassage","status":"publish","type":"page","link":"https:\/\/spirit-in-balance.de\/Blog\/?page_id=81","title":{"rendered":"TaoMassage"},"content":{"rendered":"<h1><b>Tao und Tao-Massage<\/b><\/h1>\n<p>Der Taoismus ist eine Philosophie und Weltanschauung aus China. Seine gesicherten historischen Hintergr\u00fcnde gehen bis in das vierte Jahrhundert vor Christus zur\u00fcck und wird als Chinas authentische Religion angesehen.<\/p>\n<p>Tao (oder Dao) bedeutet urspr\u00fcnglich \u201eWeg\u201c, im klassischen Chinesisch aber bereits Methode, Prinzip, der rechte Weg.<\/p>\n<p align=\"JUSTIFY\">Das Tao\/Dao bedeutet seit seiner Auslegung durch Lao-Tse die h\u00f6chste Wirklichkeit und das h\u00f6chste Mysterium, die uranf\u00e4ngliche Einheit, das kosmische Gesetz und Absolute. Aus dem Dao entstehen die \u201ezehntausend Dinge\u201c, also der Kosmos, und auch die Ordnung der Dinge entsteht aus ihm, \u00e4hnlich einem Naturgesetz, doch ist das Dao selbst kein omnipotentes Wesen, sondern der Ursprung und die Vereinigung der Gegens\u00e4tze und somit undefinierbar.<\/p>\n<p>Philosophisch k\u00f6nnte man das Dao als jenseits aller Begrifflichkeit fassen, weil es der Grund des Seins, die transzendente Ursache ist und somit alles, auch den Gegensatz von Sein und Nicht-Sein, enth\u00e4lt. In diesem Sinne kann nichts \u00fcber das Dao ausgesagt werden, weil jede Definition eine Begrenzung enth\u00e4lt. Das Dao ist aber sowohl unbegrenzte Transzendenz als auch das dem Kosmos, dem All innewohnende Prinzip.<\/p>\n<p>Das Wirken des Dao bringt die Sch\u00f6pfung hervor, indem es die Zweiheit, das Yin (Prinzip des weiblichen, warmen, aufnehmenden) und das Yang (Prinzip des m\u00e4nnlichen, harten, durchdringenden),Licht und Schatten, hervorbringt, aus deren Wandlungen, Bewegungen und Wechselspielen dann die Welt und das gesamt Universum hervorgeht.<\/p>\n<p align=\"JUSTIFY\">Es stellt eine Sammlung von Ideen, philosophischen Ans\u00e4tzen, Methoden und Techniken dar um den Menschen k\u00f6rperlich, energetisch und geistig im Zustand der Harmonie und des Gleichgewichtes gesund zu erhalten.<\/p>\n<p align=\"JUSTIFY\">Yin und Yang als die beiden entgegengesetzen Pole allen Seins sind dabei ein flie\u00dfendes Kontinuum, wertefreie Urkr\u00e4fte die in allem was existiert vorhanden sind.<\/p>\n<p align=\"JUSTIFY\">Ein Ungleichgewicht dieser Kr\u00e4fte f\u00fchrt zu Unwohlsein und letztlich auch zu Krankheit.<\/p>\n<h2>Massage<\/h2>\n<p align=\"JUSTIFY\">Die <b>Tao\u2013Massage<\/b> ist eine ruhige, in sich gekehrte Anwendung mit einfachem, aber logischem Aufbau. In ihr werden mit kleinen, sanften und flie\u00dfenden Bewegungen Impulse zum Ausgleich von Yin und Yang durchgef\u00fchrt.<\/p>\n<p align=\"JUSTIFY\">Viele wirkungsvolle Elemente der Massage wirken eher unscheinbar, setzen aber starke Kr\u00e4fte im Organismus frei, die im Verborgenen ruhen und arbeiten. Es ist so, als wenn kleine Stellschrauben im Menschen bewegt werden, wobei besonders die Energiezentren (Chakren) angesprochen werden. Damit wird dem K\u00f6rper die Idee einer Ver\u00e4nderung gegeben, wobei das menschliche System selbst entscheidet, ob es den gegebenen Impuls braucht und verwerten m\u00f6chte.<\/p>\n<p align=\"JUSTIFY\">Somit wirkt die <b>Tao\u2013Massage<\/b> weniger auf der k\u00f6rperlichen Ebene sondern eher aud der des Energiesystems. Zwischen Gebendem (Massierender) und Empfangenden (Massierter) entsteht ein standiger Austausch und eine intensive Interaktion die von Impulsen der Liebe, des Mitgef\u00fchls und der Geduld getragen wird.<\/p>\n<p align=\"JUSTIFY\">Dabei wir der Empf\u00e4nger in einen Zustand innerer Harmonie und innerem Gleichgewichtes zur\u00fcckversetzt.<\/p>\n<p align=\"JUSTIFY\">Die Energiesysteme des K\u00f6rpers werden nacheinander gest\u00e4rkt, angeregt, wieder miteinander verbunden, geleitet und schlie\u00dflich harmonisiert und beruhigt.<\/p>\n<p align=\"JUSTIFY\">Die Massage f\u00fchrt zu hoher Ausgeglichenheit und einem klaren, freien Geist, der sich wieder gest\u00e4rkt dem Alltag stellen kann.<\/p>\n<p align=\"JUSTIFY\">Die Verwendung von warmem \u00d6l und, auf Wunsch, zus\u00e4tzlichen Aromaessenzen vermittelt zus\u00e4tzlich ein tiefes Entspannungsgef\u00fchl.<\/p>\n<p align=\"JUSTIFY\">Da bei der <strong>Tao-Massage<\/strong> auch die Sexualenergie harmonisiert wird, kann diese Massage auf Wunsch mit einer anschlie\u00dfenden Lingam- oder Yoni- Massage kombiniert werden.<\/p>\n<p align=\"JUSTIFY\"><strong>Kosten:<\/strong> 60 Minuten 75 Euro 90 Minuten 110 Euro (zugebucht Lingam- oder Yoni- Massage zzgl. 15 Euro)<\/p>\n<p align=\"JUSTIFY\">\n","protected":false},"excerpt":{"rendered":"<p>Tao und Tao-Massage Der Taoismus ist eine Philosophie und Weltanschauung aus China. Seine gesicherten historischen Hintergr\u00fcnde gehen bis in das vierte Jahrhundert vor Christus zur\u00fcck und wird als Chinas authentische Religion angesehen. Tao (oder Dao) bedeutet urspr\u00fcnglich \u201eWeg\u201c, im klassischen Chinesisch aber bereits Methode, Prinzip, der rechte Weg. Das Tao\/Dao bedeutet seit seiner Auslegung durch [&hellip;]<\/p>\n","protected":false},"author":1,"featured_media":0,"parent":0,"menu_order":0,"comment_status":"closed","ping_status":"closed","template":"","meta":{"ngg_post_thumbnail":0,"_links_to":"","_links_to_target":""},"_links":{"self":[{"href":"https:\/\/spirit-in-balance.de\/Blog\/index.php?rest_route=\/wp\/v2\/pages\/81"}],"collection":[{"href":"https:\/\/spirit-in-balance.de\/Blog\/index.php?rest_route=\/wp\/v2\/pages"}],"about":[{"href":"https:\/\/spirit-in-balance.de\/Blog\/index.php?rest_route=\/wp\/v2\/types\/page"}],"author":[{"embeddable":true,"href":"https:\/\/spirit-in-balance.de\/Blog\/index.php?rest_route=\/wp\/v2\/users\/1"}],"replies":[{"embeddable":true,"href":"https:\/\/spirit-in-balance.de\/Blog\/index.php?rest_route=%2Fwp%2Fv2%2Fcomments&post=81"}],"version-history":[{"count":7,"href":"https:\/\/spirit-in-balance.de\/Blog\/index.php?rest_route=\/wp\/v2\/pages\/81\/revisions"}],"predecessor-version":[{"id":250,"href":"https:\/\/spirit-in-balance.de\/Blog\/index.php?rest_route=\/wp\/v2\/pages\/81\/revisions\/250"}],"wp:attachment":[{"href":"https:\/\/spirit-in-balance.de\/Blog\/index.php?rest_route=%2Fwp%2Fv2%2Fmedia&parent=81"}],"curies":[{"name":"wp","href":"https:\/\/api.w.org\/{rel}","templated":true}]}}